{"id":650,"date":"2012-07-18T09:06:16","date_gmt":"2012-07-18T09:06:16","guid":{"rendered":"http:\/\/localhost\/them2\/?page_id=650"},"modified":"2021-12-10T21:56:16","modified_gmt":"2021-12-10T20:56:16","slug":"homepage","status":"publish","type":"page","link":"https:\/\/www.faouzihotel.com\/en\/","title":{"rendered":"Faouzi Hotel"},"content":{"rendered":"<p>Faouzi H\u00f4tel has 27 rooms, all decorated with Tadalakt and with different natural colors. Some rooms are equipped with a television and an air conditioner &#8220;WIFI&#8221; is available and free throughout the hotel.<b><\/b><\/p>\n<p>Here is a summary of our rooms:<\/p>\n<div class=\"col col_1_4 box border box_red\">\n<div class=\"inner\">\n<h2>SIMPLE ROOM<\/h2>\n<ul>\n<li>Floor: ground -1st-2sd<\/li>\n<li>Capacity: 1 person<\/li>\n<li>With shower: 1<\/li>\n<li>Without shower: 3<\/li>\n<\/ul>\n<\/div>\n<\/div>\n<div class=\"col col_1_4 box border box_green\">\n<div class=\"inner\">\n<h2>DOUBLE ROOM<\/h2>\n<ul>\n<li>Floor: ground -1st-2sd<\/li>\n<li>Capacity: 2 persons<\/li>\n<li>With shower: 3<\/li>\n<li>Without shower: 7<\/li>\n<\/ul>\n<\/div>\n<\/div>\n<div class=\"col col_1_4 box border box_pink\">\n<div class=\"inner\">\n<h2>TWIN ROOM<\/h2>\n<ul>\n<li>Floor: ground -1st-2sd<\/li>\n<li>Capacity: 2 persons<\/li>\n<li>With shower: 4<\/li>\n<li>Without shower: 3<\/li>\n<\/ul>\n<\/div>\n<\/div>\n<div class=\"col col_1_4 box border box_blue\">\n<div class=\"inner\">\n<h2>TRIPLE ROOM<\/h2>\n<ul>\n<li>Floor: 2sd<\/li>\n<li>Capacity: 3 persons<\/li>\n<li>With shower: &#8211;<\/li>\n<li>Without shower: 2<\/li>\n<\/ul>\n<\/div>\n<\/div>\n<div class=\"clear\"><\/div>\n","protected":false},"excerpt":{"rendered":"<p>Faouzi H\u00f4tel has 27 rooms, all decorated with Tadalakt and with different natural colors. Some rooms are equipped with a television and an air conditioner &#8220;WIFI&#8221; is available and free throughout the hotel. Here is a summary of our rooms:<\/p>\n","protected":false},"author":1,"featured_media":0,"parent":0,"menu_order":0,"comment_status":"open","ping_status":"closed","template":"","meta":{"_exactmetrics_skip_tracking":false,"_exactmetrics_sitenote_active":false,"_exactmetrics_sitenote_note":"","_exactmetrics_sitenote_category":0,"footnotes":""},"class_list":["post-650","page","type-page","status-publish","hentry"],"yoast_head":"<!-- This site is optimized with the Yoast SEO plugin v24.2 - https:\/\/yoast.com\/wordpress\/plugins\/seo\/ -->\n<title>Faouzi Hotel - Enjoy your stay<\/title>\n<meta name=\"description\" content=\"Official website of Faouzi Hotel - Enjoy accommodation near the medina \/ Jemaa el-Fna square in the heart of Marrakech with a very attractive rate!\" \/>\n<meta name=\"robots\" content=\"index, follow, max-snippet:-1, max-image-preview:large, max-video-preview:-1\" \/>\n<link rel=\"canonical\" href=\"https:\/\/www.faouzihotel.com\/en\/\" \/>\n<meta property=\"og:locale\" content=\"en_US\" \/>\n<meta property=\"og:type\" content=\"article\" \/>\n<meta property=\"og:title\" content=\"{:fr}H\u00f4tel Faouzi{:}{:en}Faouzi Hotel{:} - Enjoy your stay\" \/>\n<meta property=\"og:description\" content=\"{:fr}Site web officiel du Faouzi H\u00f4tel - Profitez d&#039;un h\u00e9bergement pr\u00e8s de la m\u00e9dina\/Place Jemaa el-Fna au c\u0153ur de Marrakech avec un tarif tr\u00e8s int\u00e9ressant!{:}{:en}Official website of Faouzi Hotel - Enjoy accommodation near the medina \/ Jemaa el-Fna square in the heart of Marrakech with a very attractive rate!{:}\" \/>\n<meta property=\"og:url\" content=\"https:\/\/www.faouzihotel.com\/en\/\" \/>\n<meta property=\"og:site_name\" content=\"Enjoy your stay\" \/>\n<meta property=\"article:modified_time\" content=\"2021-12-10T20:56:16+00:00\" \/>\n<meta name=\"twitter:card\" content=\"summary_large_image\" \/>\n<meta name=\"twitter:label1\" content=\"Est. reading time\" \/>\n\t<meta name=\"twitter:data1\" content=\"1 minute\" \/>\n<script type=\"application\/ld+json\" class=\"yoast-schema-graph\">{\"@context\":\"https:\/\/schema.org\",\"@graph\":[{\"@type\":\"WebPage\",\"@id\":\"https:\/\/www.faouzihotel.com\/en\/\",\"url\":\"https:\/\/www.faouzihotel.com\/en\/\",\"name\":\"{:fr}H\u00f4tel Faouzi{:}{:en}Faouzi Hotel{:} - Enjoy your stay\",\"isPartOf\":{\"@id\":\"https:\/\/www.faouzihotel.com\/en\/#website\"},\"datePublished\":\"2012-07-18T09:06:16+00:00\",\"dateModified\":\"2021-12-10T20:56:16+00:00\",\"description\":\"{:fr}Site web officiel du Faouzi H\u00f4tel - Profitez d'un h\u00e9bergement pr\u00e8s de la m\u00e9dina\/Place Jemaa el-Fna au c\u0153ur de Marrakech avec un tarif tr\u00e8s int\u00e9ressant!{:}{:en}Official website of Faouzi Hotel - Enjoy accommodation near the medina \/ Jemaa el-Fna square in the heart of Marrakech with a very attractive rate!{:}\",\"breadcrumb\":{\"@id\":\"https:\/\/www.faouzihotel.com\/en\/#breadcrumb\"},\"inLanguage\":\"en-US\",\"potentialAction\":[{\"@type\":\"ReadAction\",\"target\":[\"https:\/\/www.faouzihotel.com\/en\/\"]}]},{\"@type\":\"BreadcrumbList\",\"@id\":\"https:\/\/www.faouzihotel.com\/en\/#breadcrumb\",\"itemListElement\":[{\"@type\":\"ListItem\",\"position\":1,\"name\":\"Home\",\"item\":\"https:\/\/www.faouzihotel.com\/en\/\"},{\"@type\":\"ListItem\",\"position\":2,\"name\":\"Faouzi Hotel\"}]},{\"@type\":\"WebSite\",\"@id\":\"https:\/\/www.faouzihotel.com\/en\/#website\",\"url\":\"https:\/\/www.faouzihotel.com\/en\/\",\"name\":\"Enjoy your stay\",\"description\":\"Enjoy your stay\",\"publisher\":{\"@id\":\"https:\/\/www.faouzihotel.com\/en\/#organization\"},\"potentialAction\":[{\"@type\":\"SearchAction\",\"target\":{\"@type\":\"EntryPoint\",\"urlTemplate\":\"https:\/\/www.faouzihotel.com\/en\/?s={search_term_string}\"},\"query-input\":{\"@type\":\"PropertyValueSpecification\",\"valueRequired\":true,\"valueName\":\"search_term_string\"}}],\"inLanguage\":\"en-US\"},{\"@type\":\"Organization\",\"@id\":\"https:\/\/www.faouzihotel.com\/en\/#organization\",\"name\":\"Faouzi Hotel\",\"url\":\"https:\/\/www.faouzihotel.com\/en\/\",\"logo\":{\"@type\":\"ImageObject\",\"inLanguage\":\"en-US\",\"@id\":\"https:\/\/www.faouzihotel.com\/en\/#\/schema\/logo\/image\/\",\"url\":\"https:\/\/www.faouzihotel.com\/wp-content\/uploads\/2017\/02\/logo_Officiel.png\",\"contentUrl\":\"https:\/\/www.faouzihotel.com\/wp-content\/uploads\/2017\/02\/logo_Officiel.png\",\"width\":240,\"height\":56,\"caption\":\"Faouzi Hotel\"},\"image\":{\"@id\":\"https:\/\/www.faouzihotel.com\/en\/#\/schema\/logo\/image\/\"}}]}<\/script>\n<!-- \/ Yoast SEO plugin. -->","yoast_head_json":{"title":"Faouzi Hotel - Enjoy your stay","description":"Official website of Faouzi Hotel - Enjoy accommodation near the medina \/ Jemaa el-Fna square in the heart of Marrakech with a very attractive rate!","robots":{"index":"index","follow":"follow","max-snippet":"max-snippet:-1","max-image-preview":"max-image-preview:large","max-video-preview":"max-video-preview:-1"},"canonical":"https:\/\/www.faouzihotel.com\/en\/","og_locale":"en_US","og_type":"article","og_title":"{:fr}H\u00f4tel Faouzi{:}{:en}Faouzi Hotel{:} - Enjoy your stay","og_description":"{:fr}Site web officiel du Faouzi H\u00f4tel - Profitez d'un h\u00e9bergement pr\u00e8s de la m\u00e9dina\/Place Jemaa el-Fna au c\u0153ur de Marrakech avec un tarif tr\u00e8s int\u00e9ressant!{:}{:en}Official website of Faouzi Hotel - Enjoy accommodation near the medina \/ Jemaa el-Fna square in the heart of Marrakech with a very attractive rate!{:}","og_url":"https:\/\/www.faouzihotel.com\/en\/","og_site_name":"Enjoy your stay","article_modified_time":"2021-12-10T20:56:16+00:00","twitter_card":"summary_large_image","twitter_misc":{"Est. reading time":"1 minute"},"schema":{"@context":"https:\/\/schema.org","@graph":[{"@type":"WebPage","@id":"https:\/\/www.faouzihotel.com\/en\/","url":"https:\/\/www.faouzihotel.com\/en\/","name":"{:fr}H\u00f4tel Faouzi{:}{:en}Faouzi Hotel{:} - Enjoy your stay","isPartOf":{"@id":"https:\/\/www.faouzihotel.com\/en\/#website"},"datePublished":"2012-07-18T09:06:16+00:00","dateModified":"2021-12-10T20:56:16+00:00","description":"{:fr}Site web officiel du Faouzi H\u00f4tel - Profitez d'un h\u00e9bergement pr\u00e8s de la m\u00e9dina\/Place Jemaa el-Fna au c\u0153ur de Marrakech avec un tarif tr\u00e8s int\u00e9ressant!{:}{:en}Official website of Faouzi Hotel - Enjoy accommodation near the medina \/ Jemaa el-Fna square in the heart of Marrakech with a very attractive rate!{:}","breadcrumb":{"@id":"https:\/\/www.faouzihotel.com\/en\/#breadcrumb"},"inLanguage":"en-US","potentialAction":[{"@type":"ReadAction","target":["https:\/\/www.faouzihotel.com\/en\/"]}]},{"@type":"BreadcrumbList","@id":"https:\/\/www.faouzihotel.com\/en\/#breadcrumb","itemListElement":[{"@type":"ListItem","position":1,"name":"Home","item":"https:\/\/www.faouzihotel.com\/en\/"},{"@type":"ListItem","position":2,"name":"Faouzi Hotel"}]},{"@type":"WebSite","@id":"https:\/\/www.faouzihotel.com\/en\/#website","url":"https:\/\/www.faouzihotel.com\/en\/","name":"Enjoy your stay","description":"Enjoy your stay","publisher":{"@id":"https:\/\/www.faouzihotel.com\/en\/#organization"},"potentialAction":[{"@type":"SearchAction","target":{"@type":"EntryPoint","urlTemplate":"https:\/\/www.faouzihotel.com\/en\/?s={search_term_string}"},"query-input":{"@type":"PropertyValueSpecification","valueRequired":true,"valueName":"search_term_string"}}],"inLanguage":"en-US"},{"@type":"Organization","@id":"https:\/\/www.faouzihotel.com\/en\/#organization","name":"Faouzi Hotel","url":"https:\/\/www.faouzihotel.com\/en\/","logo":{"@type":"ImageObject","inLanguage":"en-US","@id":"https:\/\/www.faouzihotel.com\/en\/#\/schema\/logo\/image\/","url":"https:\/\/www.faouzihotel.com\/wp-content\/uploads\/2017\/02\/logo_Officiel.png","contentUrl":"https:\/\/www.faouzihotel.com\/wp-content\/uploads\/2017\/02\/logo_Officiel.png","width":240,"height":56,"caption":"Faouzi Hotel"},"image":{"@id":"https:\/\/www.faouzihotel.com\/en\/#\/schema\/logo\/image\/"}}]}},"_links":{"self":[{"href":"https:\/\/www.faouzihotel.com\/en\/wp-json\/wp\/v2\/pages\/650","targetHints":{"allow":["GET"]}}],"collection":[{"href":"https:\/\/www.faouzihotel.com\/en\/wp-json\/wp\/v2\/pages"}],"about":[{"href":"https:\/\/www.faouzihotel.com\/en\/wp-json\/wp\/v2\/types\/page"}],"author":[{"embeddable":true,"href":"https:\/\/www.faouzihotel.com\/en\/wp-json\/wp\/v2\/users\/1"}],"replies":[{"embeddable":true,"href":"https:\/\/www.faouzihotel.com\/en\/wp-json\/wp\/v2\/comments?post=650"}],"version-history":[{"count":24,"href":"https:\/\/www.faouzihotel.com\/en\/wp-json\/wp\/v2\/pages\/650\/revisions"}],"predecessor-version":[{"id":2123,"href":"https:\/\/www.faouzihotel.com\/en\/wp-json\/wp\/v2\/pages\/650\/revisions\/2123"}],"wp:attachment":[{"href":"https:\/\/www.faouzihotel.com\/en\/wp-json\/wp\/v2\/media?parent=650"}],"curies":[{"name":"wp","href":"https:\/\/api.w.org\/{rel}","templated":true}]}}