{"id":2003,"date":"2017-05-08T22:35:54","date_gmt":"2017-05-08T20:35:54","guid":{"rendered":"http:\/\/www.abdellahjoumdane.com\/faouzi_hotel\/?page_id=2003"},"modified":"2019-01-20T12:32:43","modified_gmt":"2019-01-20T11:32:43","slug":"promo","status":"publish","type":"page","link":"https:\/\/www.faouzihotel.com\/en\/promo\/","title":{"rendered":"Offer and Promotion"},"content":{"rendered":"<h3>Offer and Promotion<\/h3>\n<div class=\"quoteBox-big\">\n<div class=\"quote-title\"><strong><\/strong><\/div>\n<div class=\"quote\">\n<div class=\"inner1\">\n<p>Enjoy the new Half Board offer, this offer includes breakfast at the hotel and dinner in a restaurant. This will save you time and also money thanks to the advantageous rate of our half-board package (Contact us for more information).<\/p>\n<\/div>\n<div class=\"quote-author alignright\">Hotel Manager<\/div>\n<\/div>\n<\/div>\n","protected":false},"excerpt":{"rendered":"","protected":false},"author":1,"featured_media":0,"parent":0,"menu_order":0,"comment_status":"closed","ping_status":"closed","template":"","meta":{"_exactmetrics_skip_tracking":false,"_exactmetrics_sitenote_active":false,"_exactmetrics_sitenote_note":"","_exactmetrics_sitenote_category":0,"footnotes":""},"class_list":["post-2003","page","type-page","status-publish","hentry"],"yoast_head":"<!-- This site is optimized with the Yoast SEO plugin v24.2 - https:\/\/yoast.com\/wordpress\/plugins\/seo\/ -->\n<title>Offer and Promotion - Enjoy your stay<\/title>\n<meta name=\"description\" content=\"Site web officiel du Faouzi H\u00f4tel - Profitez d&#039;un h\u00e9bergement pr\u00e8s de la m\u00e9dina\/Place Jemaa el-Fna au c\u0153ur de Marrakech avec un tarif tr\u00e8s int\u00e9ressant!\" \/>\n<meta name=\"robots\" content=\"index, follow, max-snippet:-1, max-image-preview:large, max-video-preview:-1\" \/>\n<link rel=\"canonical\" href=\"https:\/\/www.faouzihotel.com\/promo\/\" \/>\n<meta property=\"og:locale\" content=\"en_US\" \/>\n<meta property=\"og:type\" content=\"article\" \/>\n<meta property=\"og:title\" content=\"{:fr}Offre et Promotion{:}{:en} Offer and Promotion{:} - Enjoy your stay\" \/>\n<meta property=\"og:description\" content=\"Site web officiel du Faouzi H\u00f4tel - Profitez d&#039;un h\u00e9bergement pr\u00e8s de la m\u00e9dina\/Place Jemaa el-Fna au c\u0153ur de Marrakech avec un tarif tr\u00e8s int\u00e9ressant!\" \/>\n<meta property=\"og:url\" content=\"https:\/\/www.faouzihotel.com\/promo\/\" \/>\n<meta property=\"og:site_name\" content=\"Enjoy your stay\" \/>\n<meta property=\"article:modified_time\" content=\"2019-01-20T11:32:43+00:00\" \/>\n<meta name=\"twitter:card\" content=\"summary_large_image\" \/>\n<meta name=\"twitter:label1\" content=\"Est. reading time\" \/>\n\t<meta name=\"twitter:data1\" content=\"1 minute\" \/>\n<script type=\"application\/ld+json\" class=\"yoast-schema-graph\">{\"@context\":\"https:\/\/schema.org\",\"@graph\":[{\"@type\":\"WebPage\",\"@id\":\"https:\/\/www.faouzihotel.com\/promo\/\",\"url\":\"https:\/\/www.faouzihotel.com\/promo\/\",\"name\":\"{:fr}Offre et Promotion{:}{:en} Offer and Promotion{:} - Enjoy your stay\",\"isPartOf\":{\"@id\":\"https:\/\/www.faouzihotel.com\/en\/#website\"},\"datePublished\":\"2017-05-08T20:35:54+00:00\",\"dateModified\":\"2019-01-20T11:32:43+00:00\",\"description\":\"Site web officiel du Faouzi H\u00f4tel - Profitez d'un h\u00e9bergement pr\u00e8s de la m\u00e9dina\/Place Jemaa el-Fna au c\u0153ur de Marrakech avec un tarif tr\u00e8s int\u00e9ressant!\",\"breadcrumb\":{\"@id\":\"https:\/\/www.faouzihotel.com\/promo\/#breadcrumb\"},\"inLanguage\":\"en-US\",\"potentialAction\":[{\"@type\":\"ReadAction\",\"target\":[\"https:\/\/www.faouzihotel.com\/promo\/\"]}]},{\"@type\":\"BreadcrumbList\",\"@id\":\"https:\/\/www.faouzihotel.com\/promo\/#breadcrumb\",\"itemListElement\":[{\"@type\":\"ListItem\",\"position\":1,\"name\":\"Home\",\"item\":\"https:\/\/www.faouzihotel.com\/en\/\"},{\"@type\":\"ListItem\",\"position\":2,\"name\":\"Offre et Promotion\"}]},{\"@type\":\"WebSite\",\"@id\":\"https:\/\/www.faouzihotel.com\/en\/#website\",\"url\":\"https:\/\/www.faouzihotel.com\/en\/\",\"name\":\"Enjoy your stay\",\"description\":\"Enjoy your stay\",\"publisher\":{\"@id\":\"https:\/\/www.faouzihotel.com\/en\/#organization\"},\"potentialAction\":[{\"@type\":\"SearchAction\",\"target\":{\"@type\":\"EntryPoint\",\"urlTemplate\":\"https:\/\/www.faouzihotel.com\/en\/?s={search_term_string}\"},\"query-input\":{\"@type\":\"PropertyValueSpecification\",\"valueRequired\":true,\"valueName\":\"search_term_string\"}}],\"inLanguage\":\"en-US\"},{\"@type\":\"Organization\",\"@id\":\"https:\/\/www.faouzihotel.com\/en\/#organization\",\"name\":\"Faouzi Hotel\",\"url\":\"https:\/\/www.faouzihotel.com\/en\/\",\"logo\":{\"@type\":\"ImageObject\",\"inLanguage\":\"en-US\",\"@id\":\"https:\/\/www.faouzihotel.com\/en\/#\/schema\/logo\/image\/\",\"url\":\"https:\/\/www.faouzihotel.com\/wp-content\/uploads\/2017\/02\/logo_Officiel.png\",\"contentUrl\":\"https:\/\/www.faouzihotel.com\/wp-content\/uploads\/2017\/02\/logo_Officiel.png\",\"width\":240,\"height\":56,\"caption\":\"Faouzi Hotel\"},\"image\":{\"@id\":\"https:\/\/www.faouzihotel.com\/en\/#\/schema\/logo\/image\/\"}}]}<\/script>\n<!-- \/ Yoast SEO plugin. -->","yoast_head_json":{"title":"Offer and Promotion - Enjoy your stay","description":"Site web officiel du Faouzi H\u00f4tel - Profitez d'un h\u00e9bergement pr\u00e8s de la m\u00e9dina\/Place Jemaa el-Fna au c\u0153ur de Marrakech avec un tarif tr\u00e8s int\u00e9ressant!","robots":{"index":"index","follow":"follow","max-snippet":"max-snippet:-1","max-image-preview":"max-image-preview:large","max-video-preview":"max-video-preview:-1"},"canonical":"https:\/\/www.faouzihotel.com\/promo\/","og_locale":"en_US","og_type":"article","og_title":"{:fr}Offre et Promotion{:}{:en} Offer and Promotion{:} - Enjoy your stay","og_description":"Site web officiel du Faouzi H\u00f4tel - Profitez d'un h\u00e9bergement pr\u00e8s de la m\u00e9dina\/Place Jemaa el-Fna au c\u0153ur de Marrakech avec un tarif tr\u00e8s int\u00e9ressant!","og_url":"https:\/\/www.faouzihotel.com\/promo\/","og_site_name":"Enjoy your stay","article_modified_time":"2019-01-20T11:32:43+00:00","twitter_card":"summary_large_image","twitter_misc":{"Est. reading time":"1 minute"},"schema":{"@context":"https:\/\/schema.org","@graph":[{"@type":"WebPage","@id":"https:\/\/www.faouzihotel.com\/promo\/","url":"https:\/\/www.faouzihotel.com\/promo\/","name":"{:fr}Offre et Promotion{:}{:en} Offer and Promotion{:} - Enjoy your stay","isPartOf":{"@id":"https:\/\/www.faouzihotel.com\/en\/#website"},"datePublished":"2017-05-08T20:35:54+00:00","dateModified":"2019-01-20T11:32:43+00:00","description":"Site web officiel du Faouzi H\u00f4tel - Profitez d'un h\u00e9bergement pr\u00e8s de la m\u00e9dina\/Place Jemaa el-Fna au c\u0153ur de Marrakech avec un tarif tr\u00e8s int\u00e9ressant!","breadcrumb":{"@id":"https:\/\/www.faouzihotel.com\/promo\/#breadcrumb"},"inLanguage":"en-US","potentialAction":[{"@type":"ReadAction","target":["https:\/\/www.faouzihotel.com\/promo\/"]}]},{"@type":"BreadcrumbList","@id":"https:\/\/www.faouzihotel.com\/promo\/#breadcrumb","itemListElement":[{"@type":"ListItem","position":1,"name":"Home","item":"https:\/\/www.faouzihotel.com\/en\/"},{"@type":"ListItem","position":2,"name":"Offre et Promotion"}]},{"@type":"WebSite","@id":"https:\/\/www.faouzihotel.com\/en\/#website","url":"https:\/\/www.faouzihotel.com\/en\/","name":"Enjoy your stay","description":"Enjoy your stay","publisher":{"@id":"https:\/\/www.faouzihotel.com\/en\/#organization"},"potentialAction":[{"@type":"SearchAction","target":{"@type":"EntryPoint","urlTemplate":"https:\/\/www.faouzihotel.com\/en\/?s={search_term_string}"},"query-input":{"@type":"PropertyValueSpecification","valueRequired":true,"valueName":"search_term_string"}}],"inLanguage":"en-US"},{"@type":"Organization","@id":"https:\/\/www.faouzihotel.com\/en\/#organization","name":"Faouzi Hotel","url":"https:\/\/www.faouzihotel.com\/en\/","logo":{"@type":"ImageObject","inLanguage":"en-US","@id":"https:\/\/www.faouzihotel.com\/en\/#\/schema\/logo\/image\/","url":"https:\/\/www.faouzihotel.com\/wp-content\/uploads\/2017\/02\/logo_Officiel.png","contentUrl":"https:\/\/www.faouzihotel.com\/wp-content\/uploads\/2017\/02\/logo_Officiel.png","width":240,"height":56,"caption":"Faouzi Hotel"},"image":{"@id":"https:\/\/www.faouzihotel.com\/en\/#\/schema\/logo\/image\/"}}]}},"_links":{"self":[{"href":"https:\/\/www.faouzihotel.com\/en\/wp-json\/wp\/v2\/pages\/2003","targetHints":{"allow":["GET"]}}],"collection":[{"href":"https:\/\/www.faouzihotel.com\/en\/wp-json\/wp\/v2\/pages"}],"about":[{"href":"https:\/\/www.faouzihotel.com\/en\/wp-json\/wp\/v2\/types\/page"}],"author":[{"embeddable":true,"href":"https:\/\/www.faouzihotel.com\/en\/wp-json\/wp\/v2\/users\/1"}],"replies":[{"embeddable":true,"href":"https:\/\/www.faouzihotel.com\/en\/wp-json\/wp\/v2\/comments?post=2003"}],"version-history":[{"count":9,"href":"https:\/\/www.faouzihotel.com\/en\/wp-json\/wp\/v2\/pages\/2003\/revisions"}],"predecessor-version":[{"id":2007,"href":"https:\/\/www.faouzihotel.com\/en\/wp-json\/wp\/v2\/pages\/2003\/revisions\/2007"}],"wp:attachment":[{"href":"https:\/\/www.faouzihotel.com\/en\/wp-json\/wp\/v2\/media?parent=2003"}],"curies":[{"name":"wp","href":"https:\/\/api.w.org\/{rel}","templated":true}]}}